{"id":3,"date":"2025-05-29T01:51:20","date_gmt":"2025-05-29T01:51:20","guid":{"rendered":"https:\/\/palegoldenrod-loris-556857.hostingersite.com\/?page_id=3"},"modified":"2025-08-03T12:01:45","modified_gmt":"2025-08-03T12:01:45","slug":"privacy-policy","status":"publish","type":"page","link":"https:\/\/grimebusterswashing.com\/es\/privacy-policy\/","title":{"rendered":"Pol\u00edtica de privacidad"},"content":{"rendered":"<style>.kb-row-layout-id3_3b05e6-81 > .kt-row-column-wrap{align-content:start;}:where(.kb-row-layout-id3_3b05e6-81 > .kt-row-column-wrap) > .wp-block-kadence-column{justify-content:start;}.kb-row-layout-id3_3b05e6-81 > .kt-row-column-wrap{column-gap:var(--global-kb-gap-md, 2rem);row-gap:var(--global-kb-gap-md, 2rem);max-width:900px;margin-left:auto;margin-right:auto;padding-top:var(--global-kb-spacing-sm, 1.5rem);padding-bottom:var(--global-kb-spacing-sm, 1.5rem);grid-template-columns:minmax(0, 1fr);}.kb-row-layout-id3_3b05e6-81 > .kt-row-layout-overlay{opacity:0.30;}@media all and (max-width: 1024px){.kb-row-layout-id3_3b05e6-81 > .kt-row-column-wrap{grid-template-columns:minmax(0, 1fr);}}@media all and (max-width: 767px){.kb-row-layout-id3_3b05e6-81 > .kt-row-column-wrap{grid-template-columns:minmax(0, 1fr);}}<\/style><div class=\"kb-row-layout-wrap kb-row-layout-id3_3b05e6-81 alignnone wp-block-kadence-rowlayout\"><div class=\"kt-row-column-wrap kt-has-1-columns kt-row-layout-equal kt-tab-layout-inherit kt-mobile-layout-row kt-row-valign-top\">\n<style>.kadence-column3_2cb0d0-a0 > .kt-inside-inner-col,.kadence-column3_2cb0d0-a0 > .kt-inside-inner-col:before{border-top-left-radius:0px;border-top-right-radius:0px;border-bottom-right-radius:0px;border-bottom-left-radius:0px;}.kadence-column3_2cb0d0-a0 > .kt-inside-inner-col{column-gap:var(--global-kb-gap-sm, 1rem);}.kadence-column3_2cb0d0-a0 > .kt-inside-inner-col{flex-direction:column;}.kadence-column3_2cb0d0-a0 > .kt-inside-inner-col > .aligncenter{width:100%;}.kadence-column3_2cb0d0-a0 > .kt-inside-inner-col:before{opacity:0.3;}.kadence-column3_2cb0d0-a0{position:relative;}@media all and (max-width: 1024px){.kadence-column3_2cb0d0-a0 > .kt-inside-inner-col{flex-direction:column;justify-content:center;}}@media all and (max-width: 767px){.kadence-column3_2cb0d0-a0 > .kt-inside-inner-col{flex-direction:column;justify-content:center;}}<\/style>\n<div class=\"wp-block-kadence-column kadence-column3_2cb0d0-a0\"><div class=\"kt-inside-inner-col\">\n<p><strong>Fecha de entrada en vigor:<\/strong> Agosto de 2025<br><strong>\u00daltima actualizaci\u00f3n:<\/strong> 3 de agosto de 2025<\/p>\n\n\n\n<p>Grime Busters (\"nosotros\", \"nos\" o \"nuestro\") respeta su privacidad. Esta pol\u00edtica de privacidad explica c\u00f3mo recopilamos, utilizamos y protegemos su informaci\u00f3n personal cuando visita nuestro sitio web o utiliza nuestros servicios.<\/p>\n\n\n\n<hr class=\"wp-block-separator has-alpha-channel-opacity\"\/>\n\n\n\n<h2 class=\"wp-block-heading has-large-font-size\"><strong>Informaci\u00f3n que recopilamos<\/strong><\/h2>\n\n\n\n<p>Podemos recopilar los siguientes tipos de informaci\u00f3n:<\/p>\n\n\n\n<ul class=\"wp-block-list\">\n<li><strong>Informaci\u00f3n de contacto<\/strong>: Nombre, direcci\u00f3n de correo electr\u00f3nico, n\u00famero de tel\u00e9fono<br><\/li>\n\n\n\n<li><strong>Detalles del trabajo<\/strong>: Solicitudes de servicio presentadas a trav\u00e9s de formularios<br><\/li>\n\n\n\n<li><strong>Informaci\u00f3n sobre el dispositivo<\/strong>: Tipo de navegador, direcci\u00f3n IP, p\u00e1ginas visitadas (a trav\u00e9s de Google Analytics o herramientas similares)<br><\/li>\n<\/ul>\n\n\n\n<hr class=\"wp-block-separator has-alpha-channel-opacity\"\/>\n\n\n\n<h2 class=\"wp-block-heading has-large-font-size\"><strong>C\u00f3mo utilizamos su informaci\u00f3n<\/strong><\/h2>\n\n\n\n<p>Utilizamos su informaci\u00f3n para:<\/p>\n\n\n\n<ul class=\"wp-block-list\">\n<li>Responder a las consultas sobre servicios y a las solicitudes de presupuesto<br><\/li>\n\n\n\n<li>Programar y completar servicios de lavado a presi\u00f3n<br><\/li>\n\n\n\n<li>Mejorar nuestro sitio web y nuestra oferta de servicios<br><\/li>\n\n\n\n<li>Comunicar actualizaciones relevantes o mensajes de seguimiento<br><\/li>\n<\/ul>\n\n\n\n<hr class=\"wp-block-separator has-alpha-channel-opacity\"\/>\n\n\n\n<h2 class=\"wp-block-heading has-large-font-size\"><strong>C\u00f3mo protegemos su informaci\u00f3n<\/strong><\/h2>\n\n\n\n<p>Su informaci\u00f3n se almacena de forma segura y s\u00f3lo pueden acceder a ella los miembros autorizados del equipo. No vendemos, alquilamos ni compartimos su informaci\u00f3n personal con terceros con fines de marketing.<\/p>\n\n\n\n<hr class=\"wp-block-separator has-alpha-channel-opacity\"\/>\n\n\n\n<h2 class=\"wp-block-heading has-large-font-size\"><strong>Cookies y rastreo<\/strong><\/h2>\n\n\n\n<p>Utilizamos cookies b\u00e1sicas y herramientas de an\u00e1lisis (por ejemplo, Google Analytics) para comprender mejor c\u00f3mo interact\u00faan los usuarios con nuestro sitio. Puede desactivar las cookies en la configuraci\u00f3n de su navegador.<\/p>\n\n\n\n<hr class=\"wp-block-separator has-alpha-channel-opacity\"\/>\n\n\n\n<h2 class=\"wp-block-heading has-large-font-size\"><strong>Servicios de terceros<\/strong><\/h2>\n\n\n\n<p>Podemos recurrir a proveedores de confianza (por ejemplo, herramientas de marketing por correo electr\u00f3nico o plataformas CRM) para que nos ayuden en la prestaci\u00f3n de servicios. Estos proveedores est\u00e1n obligados por contrato a proteger su informaci\u00f3n.<\/p>\n\n\n\n<hr class=\"wp-block-separator has-alpha-channel-opacity\"\/>\n\n\n\n<h2 class=\"wp-block-heading has-large-font-size\"><strong>Sus derechos<\/strong><\/h2>\n\n\n\n<p>Puede ponerse en contacto con nosotros:<\/p>\n\n\n\n<ul class=\"wp-block-list\">\n<li>Solicitar una copia de sus datos personales<br><\/li>\n\n\n\n<li>Actualizar o corregir sus datos<br><\/li>\n\n\n\n<li>Solicitar la eliminaci\u00f3n de nuestros registros<br><\/li>\n<\/ul>\n\n\n\n<p>Env\u00edenos un correo electr\u00f3nico a <strong>grimebusters@fosterfamilycompanies.com<\/strong> o llame al <strong>620-655-2908<\/strong> con cualquier pregunta relacionada con la privacidad.<\/p>\n\n\n\n<hr class=\"wp-block-separator has-alpha-channel-opacity\"\/>\n\n\n\n<h2 class=\"wp-block-heading has-large-font-size\"><strong>Cambios pol\u00edticos<\/strong><\/h2>\n\n\n\n<p>Podemos actualizar esta Pol\u00edtica de Privacidad de vez en cuando. Los cambios se publicar\u00e1n en esta p\u00e1gina con una fecha revisada de \"\u00daltima actualizaci\u00f3n\".<\/p>\n<\/div><\/div>\n\n<\/div><\/div>","protected":false},"excerpt":{"rendered":"<p>Effective Date: August 2025Last Updated: August 3, 2025 Grime Busters (\u201cwe,\u201d \u201cus,\u201d or \u201cour\u201d) respects your privacy. This Privacy Policy explains how we collect, use, and protect your personal information when you visit our website or engage with our services. Information We Collect We may collect the following types of information: How We Use Your&#8230;<\/p>","protected":false},"author":1,"featured_media":0,"parent":0,"menu_order":0,"comment_status":"closed","ping_status":"open","template":"","meta":{"_kad_blocks_custom_css":"","_kad_blocks_head_custom_js":"","_kad_blocks_body_custom_js":"","_kad_blocks_footer_custom_js":"","_kadence_starter_templates_imported_post":false,"_kad_post_transparent":"","_kad_post_title":"","_kad_post_layout":"","_kad_post_sidebar_id":"","_kad_post_content_style":"","_kad_post_vertical_padding":"","_kad_post_feature":"","_kad_post_feature_position":"","_kad_post_header":false,"_kad_post_footer":false,"_kad_post_classname":"","footnotes":""},"class_list":["post-3","page","type-page","status-publish","hentry"],"taxonomy_info":[],"featured_image_src_large":false,"author_info":{"display_name":"admin","author_link":"https:\/\/grimebusterswashing.com\/es\/author\/admin\/"},"comment_info":0,"_links":{"self":[{"href":"https:\/\/grimebusterswashing.com\/es\/wp-json\/wp\/v2\/pages\/3","targetHints":{"allow":["GET"]}}],"collection":[{"href":"https:\/\/grimebusterswashing.com\/es\/wp-json\/wp\/v2\/pages"}],"about":[{"href":"https:\/\/grimebusterswashing.com\/es\/wp-json\/wp\/v2\/types\/page"}],"author":[{"embeddable":true,"href":"https:\/\/grimebusterswashing.com\/es\/wp-json\/wp\/v2\/users\/1"}],"replies":[{"embeddable":true,"href":"https:\/\/grimebusterswashing.com\/es\/wp-json\/wp\/v2\/comments?post=3"}],"version-history":[{"count":1,"href":"https:\/\/grimebusterswashing.com\/es\/wp-json\/wp\/v2\/pages\/3\/revisions"}],"predecessor-version":[{"id":2042,"href":"https:\/\/grimebusterswashing.com\/es\/wp-json\/wp\/v2\/pages\/3\/revisions\/2042"}],"wp:attachment":[{"href":"https:\/\/grimebusterswashing.com\/es\/wp-json\/wp\/v2\/media?parent=3"}],"curies":[{"name":"wp","href":"https:\/\/api.w.org\/{rel}","templated":true}]}}